{"id":2,"date":"2025-03-23T13:09:40","date_gmt":"2025-03-23T12:09:40","guid":{"rendered":"http:\/\/www.canimotion.fr\/?page_id=2"},"modified":"2026-04-12T16:23:49","modified_gmt":"2026-04-12T14:23:49","slug":"qui_suis_je","status":"publish","type":"page","link":"https:\/\/www.canimotion.fr\/index.php\/qui_suis_je\/","title":{"rendered":"Qui suis-je ?"},"content":{"rendered":"\n<div class=\"wp-block-columns is-layout-flex wp-container-core-columns-is-layout-9d6595d7 wp-block-columns-is-layout-flex\">\n<div class=\"wp-block-column is-layout-flow wp-block-column-is-layout-flow\" style=\"flex-basis:33.33%\"><div class=\"wp-block-image\">\n<figure class=\"aligncenter size-full\"><img loading=\"lazy\" decoding=\"async\" width=\"2560\" height=\"1920\" src=\"http:\/\/www.canimotion.fr\/wp-content\/uploads\/2025\/08\/IMG_20250509_144358660_HDR-scaled.jpg\" alt=\"\" class=\"wp-image-344\" srcset=\"https:\/\/www.canimotion.fr\/wp-content\/uploads\/2025\/08\/IMG_20250509_144358660_HDR-scaled.jpg 2560w, https:\/\/www.canimotion.fr\/wp-content\/uploads\/2025\/08\/IMG_20250509_144358660_HDR-300x225.jpg 300w, https:\/\/www.canimotion.fr\/wp-content\/uploads\/2025\/08\/IMG_20250509_144358660_HDR-1024x768.jpg 1024w, https:\/\/www.canimotion.fr\/wp-content\/uploads\/2025\/08\/IMG_20250509_144358660_HDR-768x576.jpg 768w, https:\/\/www.canimotion.fr\/wp-content\/uploads\/2025\/08\/IMG_20250509_144358660_HDR-1536x1152.jpg 1536w, https:\/\/www.canimotion.fr\/wp-content\/uploads\/2025\/08\/IMG_20250509_144358660_HDR-2048x1536.jpg 2048w\" sizes=\"auto, (max-width: 2560px) 100vw, 2560px\" \/><\/figure>\n<\/div><\/div>\n\n\n\n<div class=\"wp-block-column is-layout-flow wp-block-column-is-layout-flow\" style=\"flex-basis:66.66%\">\n<p>Passionn\u00e9e par les chiens depuis toujours, j\u2019ai grandi entour\u00e9e d\u2019animaux, des chiens bien s\u00fbr, mais aussi des chats, des ch\u00e8vres et des brebis. Mon premier chien est entr\u00e9 dans ma vie \u00e0 16 ans, et c\u2019est en tant qu\u2019\u00e9leveuse canine que j\u2019ai d\u2019abord explor\u00e9 le monde canin.<\/p>\n\n\n\n<p>Mais c\u2019est \u00e0 l\u2019arriv\u00e9e de&nbsp;mon troisi\u00e8me chien que tout a chang\u00e9. J\u2019ai ressenti le besoin profond de mieux comprendre leur langage, leurs besoins, leur dynamique sociale\u2026 pour leur offrir la meilleure vie possible. Depuis, ma soif d\u2019apprentissage ne s\u2019est jamais arr\u00eat\u00e9e, et je continue de me former pour affiner mes connaissances et ma pratique.<\/p>\n\n\n\n<p>La v\u00e9ritable r\u00e9v\u00e9lation est arriv\u00e9e lorsque je me suis form\u00e9e pour devenir instructrice en mantrailing. L\u00e0, j\u2019ai d\u00e9couvert l\u2019immense potentiel des activit\u00e9s de flair et leur impact incroyable sur le bien-\u00eatre et l\u2019\u00e9quilibre du chien. C\u2019est devenu ma sp\u00e9cialit\u00e9 : utiliser l\u2019odorat, sens primordial du chien, pour enrichir son quotidien, renforcer la relation avec son humain et lui offrir une vie pleinement \u00e9panouie.<\/p>\n\n\n\n<p>Aujourd\u2019hui, \u00e0 travers <strong>Canimotion<\/strong>, je vous aide \u00e0 explorer le monde fascinant des activit\u00e9s de flair.<\/p>\n\n\n\n<p><\/p>\n<\/div>\n<\/div>\n\n\n\n<p><\/p>\n\n\n\n<h2 class=\"wp-block-heading\">Mon parcours<\/h2>\n\n\n\n<figure class=\"wp-block-table aligncenter\"><table class=\"has-fixed-layout\"><tbody><tr><td class=\"has-text-align-center\" data-align=\"center\" style=\"width:200px;\"><strong>2025<\/strong><\/td><td class=\"has-text-align-left\" data-align=\"left\" style=\"width:600px;\">&#8211; Formation Instructeur cavage &#8211; Suzy Pichod &#8211; ERC\u2019F Puyricard<br>&#8211; Mission d\u00e9tection &#8211; Les Poilus de Fanny<br>&#8211; Stage Tellington TTouch, Son et Couleur &#8211; Lisa Leicht &#8211; Centre Animalin &#8211;<\/td><\/tr><tr><td class=\"has-text-align-center\" data-align=\"center\"><strong>2025-2024<\/strong><\/td><td class=\"has-text-align-left\" data-align=\"left\" style=\"width:600px;\">&#8211; Formation\/Stages Instructeur Mantrailing &#8211; Suzy Pichod &#8211; ERC\u2019F Puyricard<\/td><\/tr><tr><td class=\"has-text-align-center\" data-align=\"center\"><strong>2024<\/strong><\/td><td class=\"has-text-align-left\" data-align=\"left\"  style=\"width:600px;\">&#8211; Formation Mon chien de berger incompris : le mode d\u2019emploi complet pour l\u2019\u00e9duquer ! &#8211; Simone Raffa (De main de Ma\u00eetre\/Evolution canine)<br>&#8211; Conf\u00e9rence en ligne : Stress vs Anxi\u00e9t\u00e9 vs R\u00e9activit\u00e9 par Jo\u00ebl Dehasse via AZCA<br>&#8211; Webinaire R\u00e9activit\u00e9 canine : Quand la friandise n\u2019est pas une option &#8211; Lisa Longo &#8211; MUZOPLUS<br>&#8211; Webinaire Petits jeux autour du grand th\u00e8me de la r\u00e9activit\u00e9 &#8211; Lisa Longo &#8211; MUZOPLUS<br>&#8211; Formation Recohabitation Amicale &#8211; Ma\u00eforga Josselin &#8211; CYNOPSY<\/td><\/tr><tr><td class=\"has-text-align-center\" data-align=\"center\"><strong>2023<\/strong><\/td><td class=\"has-text-align-left\" data-align=\"left\" style=\"width:600px;\">&#8211; Formation Foyer multi-chiens -Wini Verschueren &#8211;&nbsp; MUZOPLUS<br><\/td><\/tr><tr><td class=\"has-text-align-center\" data-align=\"center\"><strong>2022<\/strong><\/td><td class=\"has-text-align-left\" data-align=\"left\" style=\"width:600px;\">&#8211; Formation TAV (Transport d&rsquo;Animaux Vivants &#8211; Animaux de Compagnie) &#8211; ZOOPRO<br>&#8211; ACADED chien &#8211; ZOOPRO<\/td><\/tr><tr><td class=\"has-text-align-center\" data-align=\"center\"><strong>2022-2021<\/strong><\/td><td class=\"has-text-align-left\" data-align=\"left\" style=\"width:600px;\">&#8211; Formation et Stage Conseill\u00e8re en \u00e9thologie appliqu\u00e9e \u00e0 la communication homme\/animal, sp\u00e9cialit\u00e9 accompagnateur en \u00e9ducation et comportement canin &#8211; HUMANIMALIS.<\/td><\/tr><tr><td class=\"has-text-align-center\" data-align=\"center\"><strong>Attestations et agr\u00e9ments<\/strong><\/td><td class=\"has-text-align-left\" data-align=\"left\" style=\"width:600px;\">&#8211; ACADED : attestation de connaissances n\u00b0 2022\/8c1f-66e0<br>&#8211; TAV options chiens et chats<br><\/td><\/tr><\/tbody><\/table><\/figure>\n\n\n\n<a href=\"https:\/\/www.canimotion.fr\/index.php\/planning\/\" class=\"reserver\" >R\u00e9server \u27a1\ufe0f <\/a>\n","protected":false},"excerpt":{"rendered":"<p>Passionn\u00e9e par les chiens depuis toujours, j\u2019ai grandi entour\u00e9e d\u2019animaux, des chiens bien s\u00fbr, mais aussi des chats, des ch\u00e8vres et des brebis. Mon premier chien est entr\u00e9 dans ma vie \u00e0 16 ans, et c\u2019est en tant qu\u2019\u00e9leveuse canine que j\u2019ai d\u2019abord explor\u00e9 le monde canin. Mais c\u2019est \u00e0 l\u2019arriv\u00e9e de&nbsp;mon troisi\u00e8me chien que <a class=\"read-more\" href=\"https:\/\/www.canimotion.fr\/index.php\/qui_suis_je\/\">READ MORE<\/a><\/p>\n","protected":false},"author":1,"featured_media":0,"parent":0,"menu_order":0,"comment_status":"closed","ping_status":"open","template":"","meta":{"footnotes":""},"class_list":["post-2","page","type-page","status-publish","hentry"],"_links":{"self":[{"href":"https:\/\/www.canimotion.fr\/index.php\/wp-json\/wp\/v2\/pages\/2","targetHints":{"allow":["GET"]}}],"collection":[{"href":"https:\/\/www.canimotion.fr\/index.php\/wp-json\/wp\/v2\/pages"}],"about":[{"href":"https:\/\/www.canimotion.fr\/index.php\/wp-json\/wp\/v2\/types\/page"}],"author":[{"embeddable":true,"href":"https:\/\/www.canimotion.fr\/index.php\/wp-json\/wp\/v2\/users\/1"}],"replies":[{"embeddable":true,"href":"https:\/\/www.canimotion.fr\/index.php\/wp-json\/wp\/v2\/comments?post=2"}],"version-history":[{"count":37,"href":"https:\/\/www.canimotion.fr\/index.php\/wp-json\/wp\/v2\/pages\/2\/revisions"}],"predecessor-version":[{"id":485,"href":"https:\/\/www.canimotion.fr\/index.php\/wp-json\/wp\/v2\/pages\/2\/revisions\/485"}],"wp:attachment":[{"href":"https:\/\/www.canimotion.fr\/index.php\/wp-json\/wp\/v2\/media?parent=2"}],"curies":[{"name":"wp","href":"https:\/\/api.w.org\/{rel}","templated":true}]}}