{"id":12,"date":"2025-03-23T16:49:32","date_gmt":"2025-03-23T15:49:32","guid":{"rendered":"http:\/\/www.canimotion.fr\/?page_id=12"},"modified":"2025-09-01T18:32:01","modified_gmt":"2025-09-01T16:32:01","slug":"prestations","status":"publish","type":"page","link":"https:\/\/www.canimotion.fr\/index.php\/prestations\/","title":{"rendered":"Activit\u00e9s"},"content":{"rendered":"\n<h2 class=\"wp-block-heading\" id=\"Mantrailing\">Le Mantrailing<\/h2>\n\n\n\n<p><strong>D\u00e9couvrez le Mantrailing : Une Aventure Unique avec Votre Chien !<\/strong><\/p>\n\n\n\n<p>Vous r\u00eavez d\u2019une activit\u00e9 captivante qui renforce votre lien avec votre chien tout en stimulant sa cognition et son instinct naturel ? Le <strong>mantrailing<\/strong> est fait pour vous !<\/p>\n\n\n\n<p>\ud83d\udd0e <strong>Le principe ?<\/strong> Votre chien apprend \u00e0 suivre une piste olfactive unique pour retrouver une personne disparue, en s\u2019appuyant sur son flair exceptionnel. Plus qu\u2019un simple jeu de pistage, c\u2019est une v\u00e9ritable enqu\u00eate o\u00f9 il devient le h\u00e9ros !<\/p>\n\n\n\n<p>\ud83d\udc15 <strong>Pour qui ?<\/strong> Toutes les races et tous les \u00e2ges sont les bienvenus ! Du chiot au senior, du chien de compagnie au plus \u00e9nergique, chacun y trouve son \u00e9panouissement.<\/p>\n\n\n\n<p>\ud83d\udd25 <strong>Pourquoi essayer ?<br><\/strong>\u2705 Exercez votre chien dans une activit\u00e9 adapt\u00e9e \u00e0 ses instincts naturels<br>\u2705 Renforcez votre relation en lui donnant confiance et autonomie<br>\u2705 Stimulez son mental et sa concentration<br>\u2705 Une pratique accessible \u00e0 tous, sans pr\u00e9requis !<\/p>\n\n\n\n<p>Que vous cherchiez un d\u00e9fi amusant \u00e0 relever avec votre compagnon ou simplement une activit\u00e9 enrichissante et ludique, le mantrailing vous ouvrira un tout nouveau monde d\u2019interactions et de d\u00e9couvertes.<\/p>\n\n\n\n<p><strong>Pr\u00eat \u00e0 vous lancer dans l\u2019aventure ?<\/strong> \ud83d\ude80<\/p>\n\n\n\n<p><br>Rejoignez-moi et laissez votre chien vous montrer l\u2019\u00e9tendue de son talent ! \ud83d\udc3e<\/p>\n\n\n\n<div class=\"wp-block-buttons is-content-justification-right is-layout-flex wp-container-core-buttons-is-layout-765c4724 wp-block-buttons-is-layout-flex\">\n<div class=\"wp-block-button\"><a class=\"wp-block-button__link has-text-align-right wp-element-button\" href=\"https:\/\/www.canimotion.fr\/index.php\/mantrailing-details\/\">En savoir plus sur le Mantrailing<\/a><\/div>\n<\/div>\n\n\n\n<p><\/p>\n\n\n\n<h2 class=\"wp-block-heading\" id=\"Tarifs\">Tarifs :<\/h2>\n\n\n\n<div class=\"wp-block-columns is-layout-flex wp-container-core-columns-is-layout-9d6595d7 wp-block-columns-is-layout-flex\">\n<div class=\"wp-block-column is-layout-flow wp-block-column-is-layout-flow\">\n<div class=\"tarifs\"> <h1 style=\"font-size: 22px;font-weight:bold;color:white;text-align: center;\">FORMULE STAGE : <BR>60 \u20ac<\/h1><BR> \n<p>\n\u2705 Une demi-journ\u00e9e immersive &#8211; (3 heures).<BR>\n\u2705 Pour d\u00e9buter et progresser avec votre poilu en travaillant sur plusieurs pistes.<BR><\/p><p style=\"font-weight:bold;font-size: 18px\">\n\u2705 Minimum 2 bin\u00f4mes <BR>(1 bin\u00f4me = 1 humain et 1 chien).<BR><\/p>\n<\/p>\n<\/div>\n<\/div>\n\n\n\n<div class=\"wp-block-column is-layout-flow wp-block-column-is-layout-flow\">\n<div class=\"tarifs\"> <h1 style=\"font-size: 22px;font-weight:bold;color:white;text-align: center;\">S\u00c9ANCE COLLECTIVE : <BR>25 \u20ac<\/h1><BR> \n<p>\n\u2705 1 \u00e0 2 pistes pour chaque bin\u00f4me (1 humain et 1 chien) &#8211; (1 heure).<BR>\n\u2705 Pour travailler un param\u00e8tre sp\u00e9cifique et progresser (distance, d\u00e9part, d\u00e9lai, distractions, etc&#8230;)<BR><\/p><p style=\"font-weight:bold;font-size: 18px\">\n\u2705 Minimum 2 bin\u00f4mes.<BR><\/p>\n<\/p>\n<\/div>\n<\/div>\n\n\n\n<div class=\"wp-block-column is-layout-flow wp-block-column-is-layout-flow\">\n<div class=\"tarifs\"> <h1 style=\"font-size: 22px;font-weight:bold;color:white;text-align: center;\">S\u00c9ANCE INDIVIDUELLE : <BR>35 \u20ac<\/h1><BR> \n<p>\n\u2705 2 \u00e0 3 pistes (1 humain et 1 chien) &#8211; (45 minutes).<BR>\n\u2705 Pour s&rsquo;initier ou pour progresser. 100 % personnalis\u00e9 en fonction de votre bin\u00f4me, de votre niveau et de votre objectif.<BR><\/p><p style=\"font-weight:bold;font-size: 18px\">\n\u2705 \u00catre accompagn\u00e9 d&rsquo;une personne suppl\u00e9mentaire<BR><\/p>\n<\/p>\n<\/div>\n<\/div>\n<\/div>\n\n\n\n<div style=\"height:105px\" aria-hidden=\"true\" class=\"wp-block-spacer\"><\/div>\n\n\n\n<hr class=\"wp-block-separator has-alpha-channel-opacity\"\/>\n\n\n\n<h2 class=\"wp-block-heading\" id=\"Cavage\">Le Cavage<\/h2>\n\n\n\n<p>\ud83d\udc3e <strong>Le cavage, une chasse au tr\u00e9sor avec votre chien !<\/strong><strong><br><\/strong> Gr\u00e2ce \u00e0 son flair incroyable, votre compagnon part \u00e0 la recherche de truffes\u2026 et devient le h\u00e9ros de sa mission.<\/p>\n\n\n\n<p>\u2728 Ses bienfaits :<br>\u2705 Stimule sa cognition et son odorat<br>\u2705 Canalise son \u00e9nergie et apaise son stress<br>\u2705 Valorise ses r\u00e9ussites et renforce sa confiance<br>\u2705 Cr\u00e9er une complicit\u00e9 unique avec vous<\/p>\n\n\n\n<p>\ud83c\udf3f Accessible \u00e0 tous les chiens, sans exp\u00e9rience, juste pour le plaisir de partager un moment complice et enrichissant.<\/p>\n\n\n\n<p>\ud83d\udc49 Essayez, et laissez votre chien vous surprendre\u2026 il a plus de tr\u00e9sors dans le nez que vous ne l\u2019imaginez \u2764\ufe0f<br><\/p>\n\n\n\n<div class=\"wp-block-buttons is-content-justification-right is-layout-flex wp-container-core-buttons-is-layout-765c4724 wp-block-buttons-is-layout-flex\">\n<div class=\"wp-block-button\"><a class=\"wp-block-button__link wp-element-button\" href=\"https:\/\/www.canimotion.fr\/index.php\/cavage-details\/\">En savoir plus sur le cavage<\/a><\/div>\n<\/div>\n\n\n\n<h2 class=\"wp-block-heading\">Tarifs :<\/h2>\n\n\n\n<div class=\"wp-block-columns is-layout-flex wp-container-core-columns-is-layout-9d6595d7 wp-block-columns-is-layout-flex\">\n<div class=\"wp-block-column is-layout-flow wp-block-column-is-layout-flow\">\n<div class=\"tarifs\"> <h1 style=\"font-size: 22px;font-weight:bold;color:white;text-align: center;\">FORMULE STAGE : <BR>60 \u20ac<\/h1><BR> \n<p>\n\u2705 Une demi-journ\u00e9e immersive &#8211;<BR>\n\u2705 Pour d\u00e9buter et progresser avec votre poilu.<BR>\n\u2705 Apprentissage progressif.<BR>\n\u2705 Ambiance conviviale.<BR><\/p>\n<\/p>\n<\/div>\n<\/div>\n\n\n\n<div class=\"wp-block-column is-layout-flow wp-block-column-is-layout-flow\">\n<div class=\"tarifs\"> <h1 style=\"font-size: 22px;font-weight:bold;color:white;text-align: center;\">S\u00c9ANCE COLLECTIVE : <BR>25 \u20ac<\/h1><BR> \n<p>\n\u2705 Environ 1h.<BR>\n\u2705 Format cout pour travailler un param\u00e8tre sp\u00e9cifique pour progresser<BR>\n\u2705 Fun et conviviale.<BR><\/p>\n<\/p>\n<\/div>\n<\/div>\n\n\n\n<div class=\"wp-block-column is-layout-flow wp-block-column-is-layout-flow\">\n<div class=\"tarifs\"> <h1 style=\"font-size: 22px;font-weight:bold;color:white;text-align: center;\">S\u00c9ANCE INDIVIDUELLE : <BR>35 \u20ac<\/h1><BR> \n<p>\n\u2705 Environ 45 mn.<BR>\n\u2705 100 % personnalis\u00e9 en fonction de votre bin\u00f4me et de votre niveau.<BR>\n<BR><\/p>\n<\/p>\n<\/div>\n<\/div>\n<\/div>\n\n\n\n<div style=\"height:100px\" aria-hidden=\"true\" class=\"wp-block-spacer\"><\/div>\n\n\n\n<hr class=\"wp-block-separator has-alpha-channel-opacity\"\/>\n\n\n\n<a href=\"https:\/\/www.canimotion.fr\/index.php\/planning\/\" class=\"reserver\" >R\u00e9server \u27a1\ufe0f<\/a>\n","protected":false},"excerpt":{"rendered":"<p>Le Mantrailing D\u00e9couvrez le Mantrailing : Une Aventure Unique avec Votre Chien ! Vous r\u00eavez d\u2019une activit\u00e9 captivante qui renforce votre lien avec votre chien tout en stimulant sa cognition et son instinct naturel ? Le mantrailing est fait pour vous ! \ud83d\udd0e Le principe ? Votre chien apprend \u00e0 suivre une piste olfactive unique <a class=\"read-more\" href=\"https:\/\/www.canimotion.fr\/index.php\/prestations\/\">READ MORE<\/a><\/p>\n","protected":false},"author":1,"featured_media":0,"parent":0,"menu_order":0,"comment_status":"closed","ping_status":"closed","template":"","meta":{"footnotes":""},"class_list":["post-12","page","type-page","status-publish","hentry"],"_links":{"self":[{"href":"https:\/\/www.canimotion.fr\/index.php\/wp-json\/wp\/v2\/pages\/12","targetHints":{"allow":["GET"]}}],"collection":[{"href":"https:\/\/www.canimotion.fr\/index.php\/wp-json\/wp\/v2\/pages"}],"about":[{"href":"https:\/\/www.canimotion.fr\/index.php\/wp-json\/wp\/v2\/types\/page"}],"author":[{"embeddable":true,"href":"https:\/\/www.canimotion.fr\/index.php\/wp-json\/wp\/v2\/users\/1"}],"replies":[{"embeddable":true,"href":"https:\/\/www.canimotion.fr\/index.php\/wp-json\/wp\/v2\/comments?post=12"}],"version-history":[{"count":76,"href":"https:\/\/www.canimotion.fr\/index.php\/wp-json\/wp\/v2\/pages\/12\/revisions"}],"predecessor-version":[{"id":472,"href":"https:\/\/www.canimotion.fr\/index.php\/wp-json\/wp\/v2\/pages\/12\/revisions\/472"}],"wp:attachment":[{"href":"https:\/\/www.canimotion.fr\/index.php\/wp-json\/wp\/v2\/media?parent=12"}],"curies":[{"name":"wp","href":"https:\/\/api.w.org\/{rel}","templated":true}]}}